{"id":8,"date":"2025-06-07T17:21:18","date_gmt":"2025-06-07T16:21:18","guid":{"rendered":"https:\/\/check.ms-motorsarvice.com\/?page_id=8"},"modified":"2025-07-12T18:35:36","modified_gmt":"2025-07-12T17:35:36","slug":"check","status":"publish","type":"page","link":"https:\/\/check.ms-motorsarvice.com\/pt\/","title":{"rendered":"check"},"content":{"rendered":"<div data-elementor-type=\"wp-page\" data-elementor-id=\"8\" class=\"elementor elementor-8\" data-elementor-post-type=\"page\">\n\t\t\t\t<div class=\"elementor-element elementor-element-17989ef e-con-full e-flex e-con e-parent\" data-id=\"17989ef\" data-element_type=\"container\" data-settings=\"{&quot;background_background&quot;:&quot;classic&quot;}\">\n\t\t<div class=\"elementor-element elementor-element-45f7df1 e-con-full e-flex e-con e-child\" data-id=\"45f7df1\" data-element_type=\"container\" data-settings=\"{&quot;background_background&quot;:&quot;classic&quot;}\">\n\t\t<div class=\"elementor-element elementor-element-4b05bc3 e-con-full e-flex elementor-invisible e-con e-child\" data-id=\"4b05bc3\" data-element_type=\"container\" data-settings=\"{&quot;animation&quot;:&quot;fadeInUp&quot;}\">\n\t\t\t\t<div class=\"elementor-element elementor-element-8d197fd elementor-widget elementor-widget-heading\" data-id=\"8d197fd\" data-element_type=\"widget\" data-widget_type=\"heading.default\">\n\t\t\t\t<div class=\"elementor-widget-container\">\n\t\t\t\t\t<h1 class=\"elementor-heading-title elementor-size-default\">Verifica\u00e7\u00e3o da autenticidade do produto<\/h1>\t\t\t\t<\/div>\n\t\t\t\t<\/div>\n\t\t\t\t<div class=\"elementor-element elementor-element-3aae887 elementor-icon-list--layout-inline elementor-list-item-link-full_width elementor-widget elementor-widget-icon-list\" data-id=\"3aae887\" data-element_type=\"widget\" data-widget_type=\"icon-list.default\">\n\t\t\t\t<div class=\"elementor-widget-container\">\n\t\t\t\t\t\t\t<ul class=\"elementor-icon-list-items elementor-inline-items\">\n\t\t\t\t\t\t\t<li class=\"elementor-icon-list-item elementor-inline-item\">\n\t\t\t\t\t\t\t\t\t\t\t<a href=\"#\">\n\n\t\t\t\t\t\t\t\t\t\t\t<span class=\"elementor-icon-list-text\">In\u00edcio<\/span>\n\t\t\t\t\t\t\t\t\t\t\t<\/a>\n\t\t\t\t\t\t\t\t\t<\/li>\n\t\t\t\t\t\t\t\t<li class=\"elementor-icon-list-item elementor-inline-item\">\n\t\t\t\t\t\t\t\t\t\t\t<a href=\"#\">\n\n\t\t\t\t\t\t\t\t\t\t\t\t<span class=\"elementor-icon-list-icon\">\n\t\t\t\t\t\t\t<i aria-hidden=\"true\" class=\"icon icon-right-arrow\"><\/i>\t\t\t\t\t\t<\/span>\n\t\t\t\t\t\t\t\t\t\t<span class=\"elementor-icon-list-text\">Verifica\u00e7\u00e3o da autenticidade do produto<\/span>\n\t\t\t\t\t\t\t\t\t\t\t<\/a>\n\t\t\t\t\t\t\t\t\t<\/li>\n\t\t\t\t\t\t<\/ul>\n\t\t\t\t\t\t<\/div>\n\t\t\t\t<\/div>\n\t\t\t\t<\/div>\n\t\t\t\t<\/div>\n\t\t\t\t<\/div>\n\t\t<div class=\"elementor-element elementor-element-a463e87 e-flex e-con-boxed e-con e-parent\" data-id=\"a463e87\" data-element_type=\"container\" data-settings=\"{&quot;background_background&quot;:&quot;classic&quot;}\">\n\t\t\t\t\t<div class=\"e-con-inner\">\n\t\t<div class=\"elementor-element elementor-element-79e3f50 e-con-full e-flex e-con e-child\" data-id=\"79e3f50\" data-element_type=\"container\">\n\t\t<div class=\"elementor-element elementor-element-952a970 e-con-full e-flex e-con e-child\" data-id=\"952a970\" data-element_type=\"container\">\n\t\t<div class=\"elementor-element elementor-element-9be6fc3 e-con-full e-flex elementor-invisible e-con e-child\" data-id=\"9be6fc3\" data-element_type=\"container\" data-settings=\"{&quot;animation&quot;:&quot;fadeInUp&quot;}\">\n\t\t\t\t<div class=\"elementor-element elementor-element-8989a81 elementor-widget elementor-widget-heading\" data-id=\"8989a81\" data-element_type=\"widget\" data-widget_type=\"heading.default\">\n\t\t\t\t<div class=\"elementor-widget-container\">\n\t\t\t\t\t<h2 class=\"elementor-heading-title elementor-size-default\">Responsabilidade pelo conte\u00fado<\/h2>\t\t\t\t<\/div>\n\t\t\t\t<\/div>\n\t\t\t\t<div class=\"elementor-element elementor-element-c1b3254 elementor-widget elementor-widget-text-editor\" data-id=\"c1b3254\" data-element_type=\"widget\" data-widget_type=\"text-editor.default\">\n\t\t\t\t<div class=\"elementor-widget-container\">\n\t\t\t\t\t\t\t\t\t<p>Todas as informa\u00e7\u00f5es fornecidas pela ZGD s\u00e3o fornecidas sem compromisso e excluem quaisquer garantias.<\/p><p>As informa\u00e7\u00f5es apresentadas no nosso s\u00edtio Web foram cuidadosamente pesquisadas e revistas pela ZGD. Apesar disso, podem ocorrer erros, pode faltar informa\u00e7\u00e3o ou a informa\u00e7\u00e3o fornecida pode ter mudado desde a sua publica\u00e7\u00e3o. Consequentemente, a ZGD n\u00e3o pode garantir ou assegurar a qualidade da informa\u00e7\u00e3o fornecida, nem que esta seja correta, completa ou actualizada. Est\u00e1 exclu\u00edda qualquer responsabilidade por parte da ZGD por danos, incluindo danos diretos ou indirectos e perdas materiais ou imateriais resultantes da utiliza\u00e7\u00e3o ou utiliza\u00e7\u00e3o incorrecta de informa\u00e7\u00e3o, ou de informa\u00e7\u00e3o incompleta ou incorrecta no website da ZGD, exceto se causada por neglig\u00eancia grave ou inten\u00e7\u00e3o por parte da ZGD.<\/p><p>A ZGD reserva-se expressamente o direito de alterar, complementar, eliminar partes das suas p\u00e1ginas Web ou de todo o s\u00edtio Web, ou de interromper a publica\u00e7\u00e3o tempor\u00e1ria ou permanentemente sem notifica\u00e7\u00e3o especial. A ZGD n\u00e3o \u00e9 obrigada a atualizar as informa\u00e7\u00f5es nas suas p\u00e1ginas Web.<\/p><p>Embora a ZGD fa\u00e7a todos os esfor\u00e7os para manter o s\u00edtio Web livre de v\u00edrus, n\u00e3o pode garantir a aus\u00eancia de v\u00edrus. Para sua pr\u00f3pria prote\u00e7\u00e3o, \u00e9 da sua responsabilidade garantir e providenciar medidas de seguran\u00e7a adequadas e a verifica\u00e7\u00e3o de v\u00edrus antes de descarregar qualquer informa\u00e7\u00e3o.<\/p>\t\t\t\t\t\t\t\t<\/div>\n\t\t\t\t<\/div>\n\t\t\t\t<\/div>\n\t\t\t\t<\/div>\n\t\t\t\t<\/div>\n\t\t\t\t\t<\/div>\n\t\t\t\t<\/div>\n\t\t<div class=\"elementor-element elementor-element-11f3320 e-flex e-con-boxed e-con e-parent\" data-id=\"11f3320\" data-element_type=\"container\" data-settings=\"{&quot;background_background&quot;:&quot;classic&quot;}\">\n\t\t\t\t\t<div class=\"e-con-inner\">\n\t\t<div class=\"elementor-element elementor-element-fa70a9c e-con-full e-flex e-con e-child\" data-id=\"fa70a9c\" data-element_type=\"container\">\n\t\t<div class=\"elementor-element elementor-element-e5e12ed e-con-full e-flex e-con e-child\" data-id=\"e5e12ed\" data-element_type=\"container\">\n\t\t<div class=\"elementor-element elementor-element-d7e530f e-con-full e-flex elementor-invisible e-con e-child\" data-id=\"d7e530f\" data-element_type=\"container\" data-settings=\"{&quot;animation&quot;:&quot;fadeInUp&quot;}\">\n\t\t\t\t<div class=\"elementor-element elementor-element-63f69f4 elementor-widget elementor-widget-heading\" data-id=\"63f69f4\" data-element_type=\"widget\" data-widget_type=\"heading.default\">\n\t\t\t\t<div class=\"elementor-widget-container\">\n\t\t\t\t\t<h2 class=\"elementor-heading-title elementor-size-default\">Direitos de autor<\/h2>\t\t\t\t<\/div>\n\t\t\t\t<\/div>\n\t\t\t\t<div class=\"elementor-element elementor-element-0a3e0fb elementor-widget elementor-widget-text-editor\" data-id=\"0a3e0fb\" data-element_type=\"widget\" data-widget_type=\"text-editor.default\">\n\t\t\t\t<div class=\"elementor-widget-container\">\n\t\t\t\t\t\t\t\t\t<p>O conte\u00fado e a estrutura das p\u00e1ginas web da ZGD est\u00e3o protegidos pela lei dos direitos de autor e por outra legisla\u00e7\u00e3o de prote\u00e7\u00e3o. Qualquer reprodu\u00e7\u00e3o, processamento, transmiss\u00e3o, circula\u00e7\u00e3o ou outra utiliza\u00e7\u00e3o de toda ou qualquer parte da informa\u00e7\u00e3o e outros conte\u00fados do website da ZGD (por meios electr\u00f3nicos, digitais ou outros), incluindo a utiliza\u00e7\u00e3o de textos, excertos, material ilustrativo, marcas registadas e log\u00f3tipos, requer o consentimento pr\u00e9vio por escrito da ZGD.<\/p>\t\t\t\t\t\t\t\t<\/div>\n\t\t\t\t<\/div>\n\t\t\t\t<\/div>\n\t\t\t\t<\/div>\n\t\t\t\t<\/div>\n\t\t\t\t\t<\/div>\n\t\t\t\t<\/div>\n\t\t\t\t<\/div>","protected":false},"excerpt":{"rendered":"<p>Product Authenticity Check Home Product Authenticity Check Liability for Content All information furnished by ZGD is provided without obligation and excludes any guarantees or assurances. The information presented on our website has been carefully researched and reviewed by ZGD. Despite this, errors may occur, information may be missing, or the information provided may have changed [&hellip;]<\/p>","protected":false},"author":1,"featured_media":0,"parent":0,"menu_order":0,"comment_status":"closed","ping_status":"closed","template":"","meta":{"_acf_changed":false,"footnotes":""},"class_list":["post-8","page","type-page","status-publish","hentry"],"acf":[],"_links":{"self":[{"href":"https:\/\/check.ms-motorsarvice.com\/pt\/wp-json\/wp\/v2\/pages\/8","targetHints":{"allow":["GET"]}}],"collection":[{"href":"https:\/\/check.ms-motorsarvice.com\/pt\/wp-json\/wp\/v2\/pages"}],"about":[{"href":"https:\/\/check.ms-motorsarvice.com\/pt\/wp-json\/wp\/v2\/types\/page"}],"author":[{"embeddable":true,"href":"https:\/\/check.ms-motorsarvice.com\/pt\/wp-json\/wp\/v2\/users\/1"}],"replies":[{"embeddable":true,"href":"https:\/\/check.ms-motorsarvice.com\/pt\/wp-json\/wp\/v2\/comments?post=8"}],"version-history":[{"count":10,"href":"https:\/\/check.ms-motorsarvice.com\/pt\/wp-json\/wp\/v2\/pages\/8\/revisions"}],"predecessor-version":[{"id":25360,"href":"https:\/\/check.ms-motorsarvice.com\/pt\/wp-json\/wp\/v2\/pages\/8\/revisions\/25360"}],"wp:attachment":[{"href":"https:\/\/check.ms-motorsarvice.com\/pt\/wp-json\/wp\/v2\/media?parent=8"}],"curies":[{"name":"wp","href":"https:\/\/api.w.org\/{rel}","templated":true}]}}