{"id":8,"date":"2025-06-07T17:21:18","date_gmt":"2025-06-07T16:21:18","guid":{"rendered":"https:\/\/check.ms-motorsarvice.com\/?page_id=8"},"modified":"2025-07-12T18:35:36","modified_gmt":"2025-07-12T17:35:36","slug":"check","status":"publish","type":"page","link":"https:\/\/check.ms-motorsarvice.com\/it\/","title":{"rendered":"check"},"content":{"rendered":"<div data-elementor-type=\"wp-page\" data-elementor-id=\"8\" class=\"elementor elementor-8\" data-elementor-post-type=\"page\">\n\t\t\t\t<div class=\"elementor-element elementor-element-17989ef e-con-full e-flex e-con e-parent\" data-id=\"17989ef\" data-element_type=\"container\" data-settings=\"{&quot;background_background&quot;:&quot;classic&quot;}\">\n\t\t<div class=\"elementor-element elementor-element-45f7df1 e-con-full e-flex e-con e-child\" data-id=\"45f7df1\" data-element_type=\"container\" data-settings=\"{&quot;background_background&quot;:&quot;classic&quot;}\">\n\t\t<div class=\"elementor-element elementor-element-4b05bc3 e-con-full e-flex elementor-invisible e-con e-child\" data-id=\"4b05bc3\" data-element_type=\"container\" data-settings=\"{&quot;animation&quot;:&quot;fadeInUp&quot;}\">\n\t\t\t\t<div class=\"elementor-element elementor-element-8d197fd elementor-widget elementor-widget-heading\" data-id=\"8d197fd\" data-element_type=\"widget\" data-widget_type=\"heading.default\">\n\t\t\t\t<div class=\"elementor-widget-container\">\n\t\t\t\t\t<h1 class=\"elementor-heading-title elementor-size-default\">Controllo dell'autenticit\u00e0 del prodotto<\/h1>\t\t\t\t<\/div>\n\t\t\t\t<\/div>\n\t\t\t\t<div class=\"elementor-element elementor-element-3aae887 elementor-icon-list--layout-inline elementor-list-item-link-full_width elementor-widget elementor-widget-icon-list\" data-id=\"3aae887\" data-element_type=\"widget\" data-widget_type=\"icon-list.default\">\n\t\t\t\t<div class=\"elementor-widget-container\">\n\t\t\t\t\t\t\t<ul class=\"elementor-icon-list-items elementor-inline-items\">\n\t\t\t\t\t\t\t<li class=\"elementor-icon-list-item elementor-inline-item\">\n\t\t\t\t\t\t\t\t\t\t\t<a href=\"#\">\n\n\t\t\t\t\t\t\t\t\t\t\t<span class=\"elementor-icon-list-text\">Casa<\/span>\n\t\t\t\t\t\t\t\t\t\t\t<\/a>\n\t\t\t\t\t\t\t\t\t<\/li>\n\t\t\t\t\t\t\t\t<li class=\"elementor-icon-list-item elementor-inline-item\">\n\t\t\t\t\t\t\t\t\t\t\t<a href=\"#\">\n\n\t\t\t\t\t\t\t\t\t\t\t\t<span class=\"elementor-icon-list-icon\">\n\t\t\t\t\t\t\t<i aria-hidden=\"true\" class=\"icon icon-right-arrow\"><\/i>\t\t\t\t\t\t<\/span>\n\t\t\t\t\t\t\t\t\t\t<span class=\"elementor-icon-list-text\">Controllo dell'autenticit\u00e0 del prodotto<\/span>\n\t\t\t\t\t\t\t\t\t\t\t<\/a>\n\t\t\t\t\t\t\t\t\t<\/li>\n\t\t\t\t\t\t<\/ul>\n\t\t\t\t\t\t<\/div>\n\t\t\t\t<\/div>\n\t\t\t\t<\/div>\n\t\t\t\t<\/div>\n\t\t\t\t<\/div>\n\t\t<div class=\"elementor-element elementor-element-a463e87 e-flex e-con-boxed e-con e-parent\" data-id=\"a463e87\" data-element_type=\"container\" data-settings=\"{&quot;background_background&quot;:&quot;classic&quot;}\">\n\t\t\t\t\t<div class=\"e-con-inner\">\n\t\t<div class=\"elementor-element elementor-element-79e3f50 e-con-full e-flex e-con e-child\" data-id=\"79e3f50\" data-element_type=\"container\">\n\t\t<div class=\"elementor-element elementor-element-952a970 e-con-full e-flex e-con e-child\" data-id=\"952a970\" data-element_type=\"container\">\n\t\t<div class=\"elementor-element elementor-element-9be6fc3 e-con-full e-flex elementor-invisible e-con e-child\" data-id=\"9be6fc3\" data-element_type=\"container\" data-settings=\"{&quot;animation&quot;:&quot;fadeInUp&quot;}\">\n\t\t\t\t<div class=\"elementor-element elementor-element-8989a81 elementor-widget elementor-widget-heading\" data-id=\"8989a81\" data-element_type=\"widget\" data-widget_type=\"heading.default\">\n\t\t\t\t<div class=\"elementor-widget-container\">\n\t\t\t\t\t<h2 class=\"elementor-heading-title elementor-size-default\">Responsabilit\u00e0 per i contenuti<\/h2>\t\t\t\t<\/div>\n\t\t\t\t<\/div>\n\t\t\t\t<div class=\"elementor-element elementor-element-c1b3254 elementor-widget elementor-widget-text-editor\" data-id=\"c1b3254\" data-element_type=\"widget\" data-widget_type=\"text-editor.default\">\n\t\t\t\t<div class=\"elementor-widget-container\">\n\t\t\t\t\t\t\t\t\t<p>Tutte le informazioni fornite da ZGD sono fornite senza impegno ed escludono qualsiasi garanzia o assicurazione.<\/p><p>Le informazioni presentate sul nostro sito web sono state attentamente studiate e riviste da ZGD. Ciononostante, \u00e8 possibile che si verifichino errori, che manchino informazioni o che le informazioni fornite siano cambiate dopo la pubblicazione. Di conseguenza, ZGD non pu\u00f2 garantire o assicurare la qualit\u00e0 delle informazioni fornite, n\u00e9 che siano corrette, complete o aggiornate. Si esclude qualsiasi responsabilit\u00e0 da parte di ZGD per danni, compresi quelli diretti o indiretti e le perdite materiali o immateriali derivanti dall'uso o dall'abuso delle informazioni, o da informazioni incomplete o errate presenti sul sito web di ZGD, a meno che non siano causate da grave negligenza o dolo da parte di ZGD.<\/p><p>ZGD si riserva espressamente il diritto di modificare, integrare, cancellare parti delle proprie pagine web o l'intero sito, o di interrompere temporaneamente o definitivamente la pubblicazione senza alcun preavviso. ZGD non \u00e8 obbligata ad aggiornare le informazioni contenute nelle sue pagine web.<\/p><p>Sebbene ZGD si impegni al massimo per mantenere il sito web privo di virus, non pu\u00f2 garantire l'assenza di virus. Per la propria protezione, \u00e8 responsabilit\u00e0 dell'utente garantire e predisporre adeguate misure di sicurezza e scansioni antivirus prima di scaricare qualsiasi informazione.<\/p>\t\t\t\t\t\t\t\t<\/div>\n\t\t\t\t<\/div>\n\t\t\t\t<\/div>\n\t\t\t\t<\/div>\n\t\t\t\t<\/div>\n\t\t\t\t\t<\/div>\n\t\t\t\t<\/div>\n\t\t<div class=\"elementor-element elementor-element-11f3320 e-flex e-con-boxed e-con e-parent\" data-id=\"11f3320\" data-element_type=\"container\" data-settings=\"{&quot;background_background&quot;:&quot;classic&quot;}\">\n\t\t\t\t\t<div class=\"e-con-inner\">\n\t\t<div class=\"elementor-element elementor-element-fa70a9c e-con-full e-flex e-con e-child\" data-id=\"fa70a9c\" data-element_type=\"container\">\n\t\t<div class=\"elementor-element elementor-element-e5e12ed e-con-full e-flex e-con e-child\" data-id=\"e5e12ed\" data-element_type=\"container\">\n\t\t<div class=\"elementor-element elementor-element-d7e530f e-con-full e-flex elementor-invisible e-con e-child\" data-id=\"d7e530f\" data-element_type=\"container\" data-settings=\"{&quot;animation&quot;:&quot;fadeInUp&quot;}\">\n\t\t\t\t<div class=\"elementor-element elementor-element-63f69f4 elementor-widget elementor-widget-heading\" data-id=\"63f69f4\" data-element_type=\"widget\" data-widget_type=\"heading.default\">\n\t\t\t\t<div class=\"elementor-widget-container\">\n\t\t\t\t\t<h2 class=\"elementor-heading-title elementor-size-default\">Copyright<\/h2>\t\t\t\t<\/div>\n\t\t\t\t<\/div>\n\t\t\t\t<div class=\"elementor-element elementor-element-0a3e0fb elementor-widget elementor-widget-text-editor\" data-id=\"0a3e0fb\" data-element_type=\"widget\" data-widget_type=\"text-editor.default\">\n\t\t\t\t<div class=\"elementor-widget-container\">\n\t\t\t\t\t\t\t\t\t<p>Il contenuto e la struttura delle pagine web di ZGD sono protetti dalla legge sul diritto d'autore e da altre norme di tutela. Qualsiasi riproduzione, elaborazione, trasmissione, circolazione o altro utilizzo di tutte o parte delle informazioni e degli altri contenuti del sito web di ZGD (con mezzi elettronici, digitali o di altro tipo), compreso l'uso di testi, estratti, materiale illustrativo, marchi e loghi, richiede il previo consenso scritto di ZGD.<\/p>\t\t\t\t\t\t\t\t<\/div>\n\t\t\t\t<\/div>\n\t\t\t\t<\/div>\n\t\t\t\t<\/div>\n\t\t\t\t<\/div>\n\t\t\t\t\t<\/div>\n\t\t\t\t<\/div>\n\t\t\t\t<\/div>","protected":false},"excerpt":{"rendered":"<p>Product Authenticity Check Home Product Authenticity Check Liability for Content All information furnished by ZGD is provided without obligation and excludes any guarantees or assurances. The information presented on our website has been carefully researched and reviewed by ZGD. Despite this, errors may occur, information may be missing, or the information provided may have changed [&hellip;]<\/p>","protected":false},"author":1,"featured_media":0,"parent":0,"menu_order":0,"comment_status":"closed","ping_status":"closed","template":"","meta":{"_acf_changed":false,"footnotes":""},"class_list":["post-8","page","type-page","status-publish","hentry"],"acf":[],"_links":{"self":[{"href":"https:\/\/check.ms-motorsarvice.com\/it\/wp-json\/wp\/v2\/pages\/8","targetHints":{"allow":["GET"]}}],"collection":[{"href":"https:\/\/check.ms-motorsarvice.com\/it\/wp-json\/wp\/v2\/pages"}],"about":[{"href":"https:\/\/check.ms-motorsarvice.com\/it\/wp-json\/wp\/v2\/types\/page"}],"author":[{"embeddable":true,"href":"https:\/\/check.ms-motorsarvice.com\/it\/wp-json\/wp\/v2\/users\/1"}],"replies":[{"embeddable":true,"href":"https:\/\/check.ms-motorsarvice.com\/it\/wp-json\/wp\/v2\/comments?post=8"}],"version-history":[{"count":10,"href":"https:\/\/check.ms-motorsarvice.com\/it\/wp-json\/wp\/v2\/pages\/8\/revisions"}],"predecessor-version":[{"id":25360,"href":"https:\/\/check.ms-motorsarvice.com\/it\/wp-json\/wp\/v2\/pages\/8\/revisions\/25360"}],"wp:attachment":[{"href":"https:\/\/check.ms-motorsarvice.com\/it\/wp-json\/wp\/v2\/media?parent=8"}],"curies":[{"name":"wp","href":"https:\/\/api.w.org\/{rel}","templated":true}]}}