{"id":8,"date":"2025-06-07T17:21:18","date_gmt":"2025-06-07T16:21:18","guid":{"rendered":"https:\/\/check.ms-motorsarvice.com\/?page_id=8"},"modified":"2025-07-12T18:35:36","modified_gmt":"2025-07-12T17:35:36","slug":"check","status":"publish","type":"page","link":"https:\/\/check.ms-motorsarvice.com\/de\/","title":{"rendered":"check"},"content":{"rendered":"<div data-elementor-type=\"wp-page\" data-elementor-id=\"8\" class=\"elementor elementor-8\" data-elementor-post-type=\"page\">\n\t\t\t\t<div class=\"elementor-element elementor-element-17989ef e-con-full e-flex e-con e-parent\" data-id=\"17989ef\" data-element_type=\"container\" data-settings=\"{&quot;background_background&quot;:&quot;classic&quot;}\">\n\t\t<div class=\"elementor-element elementor-element-45f7df1 e-con-full e-flex e-con e-child\" data-id=\"45f7df1\" data-element_type=\"container\" data-settings=\"{&quot;background_background&quot;:&quot;classic&quot;}\">\n\t\t<div class=\"elementor-element elementor-element-4b05bc3 e-con-full e-flex elementor-invisible e-con e-child\" data-id=\"4b05bc3\" data-element_type=\"container\" data-settings=\"{&quot;animation&quot;:&quot;fadeInUp&quot;}\">\n\t\t\t\t<div class=\"elementor-element elementor-element-8d197fd elementor-widget elementor-widget-heading\" data-id=\"8d197fd\" data-element_type=\"widget\" data-widget_type=\"heading.default\">\n\t\t\t\t<div class=\"elementor-widget-container\">\n\t\t\t\t\t<h1 class=\"elementor-heading-title elementor-size-default\">Produkt-Echtheitspr\u00fcfung<\/h1>\t\t\t\t<\/div>\n\t\t\t\t<\/div>\n\t\t\t\t<div class=\"elementor-element elementor-element-3aae887 elementor-icon-list--layout-inline elementor-list-item-link-full_width elementor-widget elementor-widget-icon-list\" data-id=\"3aae887\" data-element_type=\"widget\" data-widget_type=\"icon-list.default\">\n\t\t\t\t<div class=\"elementor-widget-container\">\n\t\t\t\t\t\t\t<ul class=\"elementor-icon-list-items elementor-inline-items\">\n\t\t\t\t\t\t\t<li class=\"elementor-icon-list-item elementor-inline-item\">\n\t\t\t\t\t\t\t\t\t\t\t<a href=\"#\">\n\n\t\t\t\t\t\t\t\t\t\t\t<span class=\"elementor-icon-list-text\">Startseite<\/span>\n\t\t\t\t\t\t\t\t\t\t\t<\/a>\n\t\t\t\t\t\t\t\t\t<\/li>\n\t\t\t\t\t\t\t\t<li class=\"elementor-icon-list-item elementor-inline-item\">\n\t\t\t\t\t\t\t\t\t\t\t<a href=\"#\">\n\n\t\t\t\t\t\t\t\t\t\t\t\t<span class=\"elementor-icon-list-icon\">\n\t\t\t\t\t\t\t<i aria-hidden=\"true\" class=\"icon icon-right-arrow\"><\/i>\t\t\t\t\t\t<\/span>\n\t\t\t\t\t\t\t\t\t\t<span class=\"elementor-icon-list-text\">Produkt-Echtheitspr\u00fcfung<\/span>\n\t\t\t\t\t\t\t\t\t\t\t<\/a>\n\t\t\t\t\t\t\t\t\t<\/li>\n\t\t\t\t\t\t<\/ul>\n\t\t\t\t\t\t<\/div>\n\t\t\t\t<\/div>\n\t\t\t\t<\/div>\n\t\t\t\t<\/div>\n\t\t\t\t<\/div>\n\t\t<div class=\"elementor-element elementor-element-a463e87 e-flex e-con-boxed e-con e-parent\" data-id=\"a463e87\" data-element_type=\"container\" data-settings=\"{&quot;background_background&quot;:&quot;classic&quot;}\">\n\t\t\t\t\t<div class=\"e-con-inner\">\n\t\t<div class=\"elementor-element elementor-element-79e3f50 e-con-full e-flex e-con e-child\" data-id=\"79e3f50\" data-element_type=\"container\">\n\t\t<div class=\"elementor-element elementor-element-952a970 e-con-full e-flex e-con e-child\" data-id=\"952a970\" data-element_type=\"container\">\n\t\t<div class=\"elementor-element elementor-element-9be6fc3 e-con-full e-flex elementor-invisible e-con e-child\" data-id=\"9be6fc3\" data-element_type=\"container\" data-settings=\"{&quot;animation&quot;:&quot;fadeInUp&quot;}\">\n\t\t\t\t<div class=\"elementor-element elementor-element-8989a81 elementor-widget elementor-widget-heading\" data-id=\"8989a81\" data-element_type=\"widget\" data-widget_type=\"heading.default\">\n\t\t\t\t<div class=\"elementor-widget-container\">\n\t\t\t\t\t<h2 class=\"elementor-heading-title elementor-size-default\">1. Haftung f\u00fcr Inhalte<\/h2>\t\t\t\t<\/div>\n\t\t\t\t<\/div>\n\t\t\t\t<div class=\"elementor-element elementor-element-c1b3254 elementor-widget elementor-widget-text-editor\" data-id=\"c1b3254\" data-element_type=\"widget\" data-widget_type=\"text-editor.default\">\n\t\t\t\t<div class=\"elementor-widget-container\">\n\t\t\t\t\t\t\t\t\t<p>Alle von ZGD bereitgestellten Informationen erfolgen unverbindlich und schlie\u00dfen jegliche Garantien oder Zusicherungen aus.<\/p><p>Die auf unserer Website pr\u00e4sentierten Informationen wurden von ZGD sorgf\u00e4ltig recherchiert und \u00fcberpr\u00fcft. Dennoch k\u00f6nnen Fehler auftreten, Informationen fehlen oder sich seit der Ver\u00f6ffentlichung ge\u00e4ndert haben. Daher kann ZGD die Qualit\u00e4t der bereitgestellten Informationen nicht garantieren oder gew\u00e4hrleisten, ebenso wenig, dass diese korrekt, vollst\u00e4ndig oder aktuell sind. Jegliche Haftung von ZGD f\u00fcr Sch\u00e4den, insbesondere direkte oder indirekte Sch\u00e4den sowie materielle oder immaterielle Verluste, die aus der Nutzung oder dem Missbrauch von Informationen oder unvollst\u00e4ndigen beziehungsweise fehlerhaften Informationen auf den ZGD-Webseiten entstehen, ist ausgeschlossen, es sei denn, diese beruhen auf grober Fahrl\u00e4ssigkeit oder Vorsatz seitens ZGD.<\/p><p>ZGD beh\u00e4lt sich ausdr\u00fccklich das Recht vor, Teile der Webseiten oder die gesamte Website zu \u00e4ndern, zu erg\u00e4nzen, zu l\u00f6schen oder die Ver\u00f6ffentlichung zeitweise oder endg\u00fcltig ohne besondere Benachrichtigung einzustellen. ZGD ist nicht verpflichtet, die Informationen auf ihren Webseiten zu aktualisieren.<\/p><p>Obwohl ZGD sich bem\u00fcht, die Website virenfrei zu halten, kann ZGD keine Garantie f\u00fcr Virenfreiheit \u00fcbernehmen. Zu Ihrem eigenen Schutz sind Sie verpflichtet, geeignete Sicherheitsma\u00dfnahmen und Virenscans vor dem Herunterladen von Informationen sicherzustellen.<\/p>\t\t\t\t\t\t\t\t<\/div>\n\t\t\t\t<\/div>\n\t\t\t\t<\/div>\n\t\t\t\t<\/div>\n\t\t\t\t<\/div>\n\t\t\t\t\t<\/div>\n\t\t\t\t<\/div>\n\t\t<div class=\"elementor-element elementor-element-11f3320 e-flex e-con-boxed e-con e-parent\" data-id=\"11f3320\" data-element_type=\"container\" data-settings=\"{&quot;background_background&quot;:&quot;classic&quot;}\">\n\t\t\t\t\t<div class=\"e-con-inner\">\n\t\t<div class=\"elementor-element elementor-element-fa70a9c e-con-full e-flex e-con e-child\" data-id=\"fa70a9c\" data-element_type=\"container\">\n\t\t<div class=\"elementor-element elementor-element-e5e12ed e-con-full e-flex e-con e-child\" data-id=\"e5e12ed\" data-element_type=\"container\">\n\t\t<div class=\"elementor-element elementor-element-d7e530f e-con-full e-flex elementor-invisible e-con e-child\" data-id=\"d7e530f\" data-element_type=\"container\" data-settings=\"{&quot;animation&quot;:&quot;fadeInUp&quot;}\">\n\t\t\t\t<div class=\"elementor-element elementor-element-63f69f4 elementor-widget elementor-widget-heading\" data-id=\"63f69f4\" data-element_type=\"widget\" data-widget_type=\"heading.default\">\n\t\t\t\t<div class=\"elementor-widget-container\">\n\t\t\t\t\t<h2 class=\"elementor-heading-title elementor-size-default\">2. Urheberrecht<\/h2>\t\t\t\t<\/div>\n\t\t\t\t<\/div>\n\t\t\t\t<div class=\"elementor-element elementor-element-0a3e0fb elementor-widget elementor-widget-text-editor\" data-id=\"0a3e0fb\" data-element_type=\"widget\" data-widget_type=\"text-editor.default\">\n\t\t\t\t<div class=\"elementor-widget-container\">\n\t\t\t\t\t\t\t\t\t<p>Der Inhalt und die Struktur der ZGD-Webseiten sind durch Urheberrechtsgesetze und andere Schutzvorschriften gesch\u00fctzt. Jede Vervielf\u00e4ltigung, Verarbeitung, \u00dcbertragung, Verbreitung oder sonstige Nutzung aller oder einzelner Teile der Informationen und sonstigen Inhalte der ZGD-Website (elektronisch, digital oder auf andere Weise), insbesondere die Verwendung von Texten, Ausz\u00fcgen, Bildmaterial sowie Marken und Logos, bedarf der vorherigen schriftlichen Zustimmung von ZGD.<\/p>\t\t\t\t\t\t\t\t<\/div>\n\t\t\t\t<\/div>\n\t\t\t\t<\/div>\n\t\t\t\t<\/div>\n\t\t\t\t<\/div>\n\t\t\t\t\t<\/div>\n\t\t\t\t<\/div>\n\t\t\t\t<\/div>","protected":false},"excerpt":{"rendered":"<p>Product Authenticity Check Home Product Authenticity Check Liability for Content All information furnished by ZGD is provided without obligation and excludes any guarantees or assurances. The information presented on our website has been carefully researched and reviewed by ZGD. Despite this, errors may occur, information may be missing, or the information provided may have changed [&hellip;]<\/p>","protected":false},"author":1,"featured_media":0,"parent":0,"menu_order":0,"comment_status":"closed","ping_status":"closed","template":"","meta":{"_acf_changed":false,"footnotes":""},"class_list":["post-8","page","type-page","status-publish","hentry"],"acf":[],"_links":{"self":[{"href":"https:\/\/check.ms-motorsarvice.com\/de\/wp-json\/wp\/v2\/pages\/8","targetHints":{"allow":["GET"]}}],"collection":[{"href":"https:\/\/check.ms-motorsarvice.com\/de\/wp-json\/wp\/v2\/pages"}],"about":[{"href":"https:\/\/check.ms-motorsarvice.com\/de\/wp-json\/wp\/v2\/types\/page"}],"author":[{"embeddable":true,"href":"https:\/\/check.ms-motorsarvice.com\/de\/wp-json\/wp\/v2\/users\/1"}],"replies":[{"embeddable":true,"href":"https:\/\/check.ms-motorsarvice.com\/de\/wp-json\/wp\/v2\/comments?post=8"}],"version-history":[{"count":10,"href":"https:\/\/check.ms-motorsarvice.com\/de\/wp-json\/wp\/v2\/pages\/8\/revisions"}],"predecessor-version":[{"id":25360,"href":"https:\/\/check.ms-motorsarvice.com\/de\/wp-json\/wp\/v2\/pages\/8\/revisions\/25360"}],"wp:attachment":[{"href":"https:\/\/check.ms-motorsarvice.com\/de\/wp-json\/wp\/v2\/media?parent=8"}],"curies":[{"name":"wp","href":"https:\/\/api.w.org\/{rel}","templated":true}]}}